{"id":2954,"date":"2019-10-29T09:24:43","date_gmt":"2019-10-29T08:24:43","guid":{"rendered":"https:\/\/www.btglass.it\/prodotto\/g55-ase-67pd\/"},"modified":"2019-10-29T09:24:43","modified_gmt":"2019-10-29T08:24:43","slug":"g55-ase-67pd","status":"publish","type":"product","link":"https:\/\/www.btglass.it\/en\/prodotto\/g55-ase-67pd\/","title":{"rendered":"G55 \u2013 SCORREVOLE PANORAMICO"},"content":{"rendered":"","protected":false},"excerpt":{"rendered":"<h4><a href=\"https:\/\/www.btglass.it\/en\/\">Home<\/a> \/ <a href=\"https:\/\/www.btglass.it\/en\/i-nostri-prodotti-bt-glass-serramenti-infissi\/\">I nostri prodotti <\/a>\/ <a href=\"https:\/\/www.btglass.it\/en\/i-nostri-prodotti-bt-glass-serramenti-infissi\/serramenti-in-alluminio-btglass-monza\/\">Serramenti in Alluminio<\/a> \/ <a href=\"https:\/\/www.btglass.it\/i-nostri-prodotti-bt-glass-serramenti-infissi\/serramenti-in-alluminio-btglass-monza\/scorrevoli-bernareggio\/\">Scorrevoli<\/a> \/\u00a0<span style=\"color: #4e71c3;\">G55 SCORREVOLE PANORAMICO<\/span><\/h4>\n<p>&nbsp;<\/p>\n<p><strong>Design minimale, massima trasparenza e prestazioni elevate<\/strong><\/p>\n<p>&nbsp;<\/p>\n<p>Il <strong>G55 \u2013 Scorrevole Panoramico<\/strong> \u00e8 una soluzione in alluminio pensata per valorizzare la luce naturale e creare una connessione fluida tra interno ed esterno. Grazie al suo design essenziale e alle ampie superfici vetrate, permette di realizzare aperture di grande impatto estetico, offrendo una continuit\u00e0 visiva che rende gli ambienti pi\u00f9 luminosi, moderni e accoglienti.<\/p>\n<p>&nbsp;<\/p>\n<p>La cura dei dettagli progettuali si traduce in un sistema capace di coniugare <strong>eleganza architettonica e comfort quotidiano:<\/strong> profili sottili, linee pulite e componenti discreti riducono al minimo la presenza dell\u2019alluminio, lasciando spazio alla trasparenza del vetro e alla massima apertura verso l\u2019esterno. La possibilit\u00e0 di adottare una <strong>soglia a filo pavimento<\/strong> contribuisce inoltre a eliminare le barriere, facilitando il passaggio e garantendo un collegamento armonioso tra gli spazi, sia in contesti residenziali che in progetti pi\u00f9 evoluti.<\/p>\n<p>&nbsp;<\/p>\n<p>Oltre al design panoramico, il sistema \u00e8 sviluppato per assicurare <strong>prestazioni elevate<\/strong>, offrendo soluzioni affidabili in termini di isolamento, sicurezza e funzionalit\u00e0. Le ante garantiscono un utilizzo confortevole grazie a un movimento fluido e silenzioso, mentre la struttura permette di soddisfare diverse esigenze progettuali, anche con configurazioni pi\u00f9 complesse. Per rispondere a differenti necessit\u00e0 prestazionali ed estetiche, il <strong>G55 \u00e8 disponibile in due varianti:<\/strong><\/p>\n<p>&nbsp;<\/p>\n<ul>\n<li><strong>ASE 51 PD<\/strong>, ideale per chi cerca un effetto panoramico minimale e un comfort d\u2019uso quotidiano estremamente piacevole<\/li>\n<li><strong>AS PD 75.HI<\/strong>, pensata per chi desidera prestazioni superiori e la massima efficienza, con possibilit\u00e0 di soluzioni manuali o motorizzate<\/li>\n<\/ul>\n<p>&nbsp;<\/p>\n[wrt_print_rt_wp_responsive_tabs tabset_id=\"8\"]\n<p>&nbsp;<\/p>\n<h4>Richiedi informazioni sul prodotto<\/h4>\n<p>&nbsp;<\/p>\n[fc id='2' align='left'][\/fc]\n","protected":false},"featured_media":2956,"template":"","meta":{"inline_featured_image":false},"product_brand":[],"product_cat":[105,104],"product_tag":[],"class_list":{"0":"post-2954","1":"product","2":"type-product","3":"status-publish","4":"has-post-thumbnail","6":"product_cat-scorrevoli","7":"product_cat-serramenti-in-alluminio","9":"first","10":"instock","11":"shipping-taxable","12":"product-type-simple"},"yoast_head":"<!-- This site is optimized with the Yoast SEO plugin v26.8 - https:\/\/yoast.com\/product\/yoast-seo-wordpress\/ -->\n<title>G55 \u2013 SCORREVOLE PANORAMICO - BT GLASS<\/title>\n<meta name=\"robots\" content=\"index, follow, max-snippet:-1, max-image-preview:large, max-video-preview:-1\" \/>\n<link rel=\"canonical\" href=\"https:\/\/www.btglass.it\/en\/prodotto\/g55-ase-67pd\/\" \/>\n<meta property=\"og:locale\" content=\"en_US\" \/>\n<meta property=\"og:type\" content=\"article\" \/>\n<meta property=\"og:title\" content=\"G55 \u2013 SCORREVOLE PANORAMICO - BT GLASS\" \/>\n<meta property=\"og:description\" content=\"Home \/ I nostri prodotti \/ Serramenti in Alluminio \/ Scorrevoli \/\u00a0G55 SCORREVOLE PANORAMICO &nbsp;  Design minimale, massima trasparenza e prestazioni elevate  &nbsp;  Il G55 \u2013 Scorrevole Panoramico \u00e8 una soluzione in alluminio pensata per valorizzare la luce naturale e creare una connessione fluida tra interno ed esterno. Grazie al suo design essenziale e alle ampie superfici vetrate, permette di realizzare aperture di grande impatto estetico, offrendo una continuit\u00e0 visiva che rende gli ambienti pi\u00f9 luminosi, moderni e accoglienti.  &nbsp;  La cura dei dettagli progettuali si traduce in un sistema capace di coniugare eleganza architettonica e comfort quotidiano: profili sottili, linee pulite e componenti discreti riducono al minimo la presenza dell\u2019alluminio, lasciando spazio alla trasparenza del vetro e alla massima apertura verso l\u2019esterno. La possibilit\u00e0 di adottare una soglia a filo pavimento contribuisce inoltre a eliminare le barriere, facilitando il passaggio e garantendo un collegamento armonioso tra gli spazi, sia in contesti residenziali che in progetti pi\u00f9 evoluti.  &nbsp;  Oltre al design panoramico, il sistema \u00e8 sviluppato per assicurare prestazioni elevate, offrendo soluzioni affidabili in termini di isolamento, sicurezza e funzionalit\u00e0. Le ante garantiscono un utilizzo confortevole grazie a un movimento fluido e silenzioso, mentre la struttura permette di soddisfare diverse esigenze progettuali, anche con configurazioni pi\u00f9 complesse. Per rispondere a differenti necessit\u00e0 prestazionali ed estetiche, il G55 \u00e8 disponibile in due varianti:  &nbsp;   ASE 51 PD, ideale per chi cerca un effetto panoramico minimale e un comfort d\u2019uso quotidiano estremamente piacevole  AS PD 75.HI, pensata per chi desidera prestazioni superiori e la massima efficienza, con possibilit\u00e0 di soluzioni manuali o motorizzate  &nbsp;    &nbsp; Richiedi informazioni sul prodotto &nbsp;\" \/>\n<meta property=\"og:url\" content=\"https:\/\/www.btglass.it\/en\/prodotto\/g55-ase-67pd\/\" \/>\n<meta property=\"og:site_name\" content=\"BT GLASS\" \/>\n<meta name=\"twitter:card\" content=\"summary_large_image\" \/>\n<script type=\"application\/ld+json\" class=\"yoast-schema-graph\">{\"@context\":\"https:\/\/schema.org\",\"@graph\":[{\"@type\":\"WebPage\",\"@id\":\"https:\/\/www.btglass.it\/en\/prodotto\/g55-ase-67pd\/\",\"url\":\"https:\/\/www.btglass.it\/en\/prodotto\/g55-ase-67pd\/\",\"name\":\"G55 \u2013 SCORREVOLE PANORAMICO - BT GLASS\",\"isPartOf\":{\"@id\":\"https:\/\/www.btglass.it\/en\/#website\"},\"primaryImageOfPage\":{\"@id\":\"https:\/\/www.btglass.it\/en\/prodotto\/g55-ase-67pd\/#primaryimage\"},\"image\":{\"@id\":\"https:\/\/www.btglass.it\/en\/prodotto\/g55-ase-67pd\/#primaryimage\"},\"thumbnailUrl\":\"https:\/\/www.btglass.it\/wp-content\/uploads\/2019\/10\/AS_PD_75_HI_Keyvisual.png\",\"datePublished\":\"2019-10-29T08:24:43+00:00\",\"breadcrumb\":{\"@id\":\"https:\/\/www.btglass.it\/en\/prodotto\/g55-ase-67pd\/#breadcrumb\"},\"inLanguage\":\"en-US\",\"potentialAction\":[{\"@type\":\"ReadAction\",\"target\":[\"https:\/\/www.btglass.it\/en\/prodotto\/g55-ase-67pd\/\"]}]},{\"@type\":\"ImageObject\",\"inLanguage\":\"en-US\",\"@id\":\"https:\/\/www.btglass.it\/en\/prodotto\/g55-ase-67pd\/#primaryimage\",\"url\":\"https:\/\/www.btglass.it\/wp-content\/uploads\/2019\/10\/AS_PD_75_HI_Keyvisual.png\",\"contentUrl\":\"https:\/\/www.btglass.it\/wp-content\/uploads\/2019\/10\/AS_PD_75_HI_Keyvisual.png\",\"width\":1032,\"height\":722},{\"@type\":\"BreadcrumbList\",\"@id\":\"https:\/\/www.btglass.it\/en\/prodotto\/g55-ase-67pd\/#breadcrumb\",\"itemListElement\":[{\"@type\":\"ListItem\",\"position\":1,\"name\":\"Home\",\"item\":\"https:\/\/www.btglass.it\/en\/\"},{\"@type\":\"ListItem\",\"position\":2,\"name\":\"Shop\",\"item\":\"https:\/\/www.btglass.it\/en\/?page_id=2578\"},{\"@type\":\"ListItem\",\"position\":3,\"name\":\"G55 \u2013 SCORREVOLE PANORAMICO\"}]},{\"@type\":\"WebSite\",\"@id\":\"https:\/\/www.btglass.it\/en\/#website\",\"url\":\"https:\/\/www.btglass.it\/en\/\",\"name\":\"BT GLASS\",\"description\":\"\u201d Il cielo in una stanza \u201c \u00e8 l\u2019abitare senza confini\",\"potentialAction\":[{\"@type\":\"SearchAction\",\"target\":{\"@type\":\"EntryPoint\",\"urlTemplate\":\"https:\/\/www.btglass.it\/en\/?s={search_term_string}\"},\"query-input\":{\"@type\":\"PropertyValueSpecification\",\"valueRequired\":true,\"valueName\":\"search_term_string\"}}],\"inLanguage\":\"en-US\"}]}<\/script>\n<!-- \/ Yoast SEO plugin. -->","yoast_head_json":{"title":"G55 \u2013 SCORREVOLE PANORAMICO - BT GLASS","robots":{"index":"index","follow":"follow","max-snippet":"max-snippet:-1","max-image-preview":"max-image-preview:large","max-video-preview":"max-video-preview:-1"},"canonical":"https:\/\/www.btglass.it\/en\/prodotto\/g55-ase-67pd\/","og_locale":"en_US","og_type":"article","og_title":"G55 \u2013 SCORREVOLE PANORAMICO - BT GLASS","og_description":"Home \/ I nostri prodotti \/ Serramenti in Alluminio \/ Scorrevoli \/\u00a0G55 SCORREVOLE PANORAMICO &nbsp;  Design minimale, massima trasparenza e prestazioni elevate  &nbsp;  Il G55 \u2013 Scorrevole Panoramico \u00e8 una soluzione in alluminio pensata per valorizzare la luce naturale e creare una connessione fluida tra interno ed esterno. Grazie al suo design essenziale e alle ampie superfici vetrate, permette di realizzare aperture di grande impatto estetico, offrendo una continuit\u00e0 visiva che rende gli ambienti pi\u00f9 luminosi, moderni e accoglienti.  &nbsp;  La cura dei dettagli progettuali si traduce in un sistema capace di coniugare eleganza architettonica e comfort quotidiano: profili sottili, linee pulite e componenti discreti riducono al minimo la presenza dell\u2019alluminio, lasciando spazio alla trasparenza del vetro e alla massima apertura verso l\u2019esterno. La possibilit\u00e0 di adottare una soglia a filo pavimento contribuisce inoltre a eliminare le barriere, facilitando il passaggio e garantendo un collegamento armonioso tra gli spazi, sia in contesti residenziali che in progetti pi\u00f9 evoluti.  &nbsp;  Oltre al design panoramico, il sistema \u00e8 sviluppato per assicurare prestazioni elevate, offrendo soluzioni affidabili in termini di isolamento, sicurezza e funzionalit\u00e0. Le ante garantiscono un utilizzo confortevole grazie a un movimento fluido e silenzioso, mentre la struttura permette di soddisfare diverse esigenze progettuali, anche con configurazioni pi\u00f9 complesse. Per rispondere a differenti necessit\u00e0 prestazionali ed estetiche, il G55 \u00e8 disponibile in due varianti:  &nbsp;   ASE 51 PD, ideale per chi cerca un effetto panoramico minimale e un comfort d\u2019uso quotidiano estremamente piacevole  AS PD 75.HI, pensata per chi desidera prestazioni superiori e la massima efficienza, con possibilit\u00e0 di soluzioni manuali o motorizzate  &nbsp;    &nbsp; Richiedi informazioni sul prodotto &nbsp;","og_url":"https:\/\/www.btglass.it\/en\/prodotto\/g55-ase-67pd\/","og_site_name":"BT GLASS","twitter_card":"summary_large_image","schema":{"@context":"https:\/\/schema.org","@graph":[{"@type":"WebPage","@id":"https:\/\/www.btglass.it\/en\/prodotto\/g55-ase-67pd\/","url":"https:\/\/www.btglass.it\/en\/prodotto\/g55-ase-67pd\/","name":"G55 \u2013 SCORREVOLE PANORAMICO - BT GLASS","isPartOf":{"@id":"https:\/\/www.btglass.it\/en\/#website"},"primaryImageOfPage":{"@id":"https:\/\/www.btglass.it\/en\/prodotto\/g55-ase-67pd\/#primaryimage"},"image":{"@id":"https:\/\/www.btglass.it\/en\/prodotto\/g55-ase-67pd\/#primaryimage"},"thumbnailUrl":"https:\/\/www.btglass.it\/wp-content\/uploads\/2019\/10\/AS_PD_75_HI_Keyvisual.png","datePublished":"2019-10-29T08:24:43+00:00","breadcrumb":{"@id":"https:\/\/www.btglass.it\/en\/prodotto\/g55-ase-67pd\/#breadcrumb"},"inLanguage":"en-US","potentialAction":[{"@type":"ReadAction","target":["https:\/\/www.btglass.it\/en\/prodotto\/g55-ase-67pd\/"]}]},{"@type":"ImageObject","inLanguage":"en-US","@id":"https:\/\/www.btglass.it\/en\/prodotto\/g55-ase-67pd\/#primaryimage","url":"https:\/\/www.btglass.it\/wp-content\/uploads\/2019\/10\/AS_PD_75_HI_Keyvisual.png","contentUrl":"https:\/\/www.btglass.it\/wp-content\/uploads\/2019\/10\/AS_PD_75_HI_Keyvisual.png","width":1032,"height":722},{"@type":"BreadcrumbList","@id":"https:\/\/www.btglass.it\/en\/prodotto\/g55-ase-67pd\/#breadcrumb","itemListElement":[{"@type":"ListItem","position":1,"name":"Home","item":"https:\/\/www.btglass.it\/en\/"},{"@type":"ListItem","position":2,"name":"Shop","item":"https:\/\/www.btglass.it\/en\/?page_id=2578"},{"@type":"ListItem","position":3,"name":"G55 \u2013 SCORREVOLE PANORAMICO"}]},{"@type":"WebSite","@id":"https:\/\/www.btglass.it\/en\/#website","url":"https:\/\/www.btglass.it\/en\/","name":"BT GLASS","description":"\u201d Il cielo in una stanza \u201c \u00e8 l\u2019abitare senza confini","potentialAction":[{"@type":"SearchAction","target":{"@type":"EntryPoint","urlTemplate":"https:\/\/www.btglass.it\/en\/?s={search_term_string}"},"query-input":{"@type":"PropertyValueSpecification","valueRequired":true,"valueName":"search_term_string"}}],"inLanguage":"en-US"}]}},"_links":{"self":[{"href":"https:\/\/www.btglass.it\/en\/wp-json\/wp\/v2\/product\/2954","targetHints":{"allow":["GET"]}}],"collection":[{"href":"https:\/\/www.btglass.it\/en\/wp-json\/wp\/v2\/product"}],"about":[{"href":"https:\/\/www.btglass.it\/en\/wp-json\/wp\/v2\/types\/product"}],"wp:featuredmedia":[{"embeddable":true,"href":"https:\/\/www.btglass.it\/en\/wp-json\/wp\/v2\/media\/2956"}],"wp:attachment":[{"href":"https:\/\/www.btglass.it\/en\/wp-json\/wp\/v2\/media?parent=2954"}],"wp:term":[{"taxonomy":"product_brand","embeddable":true,"href":"https:\/\/www.btglass.it\/en\/wp-json\/wp\/v2\/product_brand?post=2954"},{"taxonomy":"product_cat","embeddable":true,"href":"https:\/\/www.btglass.it\/en\/wp-json\/wp\/v2\/product_cat?post=2954"},{"taxonomy":"product_tag","embeddable":true,"href":"https:\/\/www.btglass.it\/en\/wp-json\/wp\/v2\/product_tag?post=2954"}],"curies":[{"name":"wp","href":"https:\/\/api.w.org\/{rel}","templated":true}]}}