{"id":2957,"date":"2019-10-28T19:45:39","date_gmt":"2019-10-28T18:45:39","guid":{"rendered":"https:\/\/www.btglass.it\/prodotto\/g60-versione-a-libro-ass70fd\/"},"modified":"2019-10-28T19:45:39","modified_gmt":"2019-10-28T18:45:39","slug":"g60-versione-a-libro-ass70fd","status":"publish","type":"product","link":"https:\/\/www.btglass.it\/en\/prodotto\/g60-versione-a-libro-ass70fd\/","title":{"rendered":"G60 SCORREVOLE A LIBRO"},"content":{"rendered":"","protected":false},"excerpt":{"rendered":"<h4><a href=\"https:\/\/www.btglass.it\/en\/\">Home<\/a> \/ <a href=\"https:\/\/www.btglass.it\/en\/i-nostri-prodotti-bt-glass-serramenti-infissi\/\">I nostri prodotti <\/a>\/ <a href=\"https:\/\/www.btglass.it\/en\/i-nostri-prodotti-bt-glass-serramenti-infissi\/serramenti-in-alluminio-btglass-monza\/\">Serramenti in Alluminio<\/a> \/ <a href=\"https:\/\/www.btglass.it\/i-nostri-prodotti-bt-glass-serramenti-infissi\/serramenti-in-alluminio-btglass-monza\/scorrevoli-bernareggio\/\">Scorrevoli<\/a> \/\u00a0<span style=\"color: #4e71c3;\">G60 SCORREVOLE A LIBRO<\/span><\/h4>\n<p>&nbsp;<\/p>\n<p>Il <strong>G60 \u2013 Scorrevole a libro<\/strong> \u00e8 la soluzione ideale per chi desidera vivere gli ambienti in modo pi\u00f9 aperto e naturale, trasformando terrazzi, giardini e porticati in una vera estensione della casa. Il sistema a libro permette infatti alle ante di ripiegarsi su s\u00e9 stesse occupando pochissimo spazio, creando un\u2019apertura ampia e completa che valorizza l\u2019architettura e migliora la fruibilit\u00e0 quotidiana degli spazi.<\/p>\n<p>&nbsp;<\/p>\n<p>Progettato per unire design minimale e funzionalit\u00e0, il sistema si caratterizza per sezioni in vista ridotte e profili complanari, in grado di garantire un\u2019estetica pulita ed elegante. Le grandi superfici vetrate aumentano la luminosit\u00e0 naturale e assicurano una continuit\u00e0 visiva tra interno ed esterno, rendendo gli ambienti pi\u00f9 moderni, accoglienti e armoniosi. Dal punto di vista del comfort, il G60 offre soluzioni evolute per l\u2019accessibilit\u00e0: sono disponibili diverse tipologie di soglia, inclusa una soglia piatta carrabile, per adattarsi facilmente alle diverse esigenze di installazione e per favorire un passaggio pratico e sicuro. L\u2019integrazione di componenti dedicati, come il chiusino magnetico, contribuisce inoltre a garantire affidabilit\u00e0 e semplicit\u00e0 d\u2019uso nel tempo.<\/p>\n<p>&nbsp;<\/p>\n<p>Il sistema \u00e8 pensato anche per offrire prestazioni elevate di sicurezza e tenuta, con protezione antieffrazione fino a RC2 e ottimi valori di resistenza agli agenti atmosferici. In fase di lavorazione e installazione, soluzioni tecniche ottimizzate consentono di semplificare l\u2019assemblaggio e la gestione in cantiere, rendendo il G60 una soluzione elegante e allo stesso tempo efficiente dal punto di vista produttivo.<\/p>\n<p>&nbsp;<\/p>\n<p>Il <strong>G60<\/strong> \u00e8 proposto in due configurazioni, pensate per rispondere a differenti livelli di prestazione:<\/p>\n<p>&nbsp;<\/p>\n<ul>\n<li><strong>AS FD 75:<\/strong> variante versatile e funzionale, ideale per applicazioni standard con ottimo equilibrio tra estetica e prestazioni.<\/li>\n<li><strong>AS FD 90.HI:<\/strong> variante ad alte prestazioni con isolamento termico superiore, pensata per progetti pi\u00f9 esigenti in termini di efficienza e comfort.<\/li>\n<\/ul>\n<p>&nbsp;<\/p>\n[wrt_print_rt_wp_responsive_tabs tabset_id=\"4\"]\n<p>&nbsp;<\/p>\n<h4>Richiedi informazioni sul prodotto<\/h4>\n<p>&nbsp;<\/p>\n[fc id='2' align='left'][\/fc]\n","protected":false},"featured_media":2959,"template":"","meta":{"inline_featured_image":false},"product_brand":[],"product_cat":[105,104],"product_tag":[],"class_list":{"0":"post-2957","1":"product","2":"type-product","3":"status-publish","4":"has-post-thumbnail","6":"product_cat-scorrevoli","7":"product_cat-serramenti-in-alluminio","9":"first","10":"instock","11":"shipping-taxable","12":"product-type-simple"},"yoast_head":"<!-- This site is optimized with the Yoast SEO plugin v26.8 - https:\/\/yoast.com\/product\/yoast-seo-wordpress\/ -->\n<title>G60 SCORREVOLE A LIBRO - BT GLASS<\/title>\n<meta name=\"robots\" content=\"index, follow, max-snippet:-1, max-image-preview:large, max-video-preview:-1\" \/>\n<link rel=\"canonical\" href=\"https:\/\/www.btglass.it\/en\/prodotto\/g60-versione-a-libro-ass70fd\/\" \/>\n<meta property=\"og:locale\" content=\"en_US\" \/>\n<meta property=\"og:type\" content=\"article\" \/>\n<meta property=\"og:title\" content=\"G60 SCORREVOLE A LIBRO - BT GLASS\" \/>\n<meta property=\"og:description\" content=\"Home \/ I nostri prodotti \/ Serramenti in Alluminio \/ Scorrevoli \/\u00a0G60 SCORREVOLE A LIBRO &nbsp;  Il G60 \u2013 Scorrevole a libro \u00e8 la soluzione ideale per chi desidera vivere gli ambienti in modo pi\u00f9 aperto e naturale, trasformando terrazzi, giardini e porticati in una vera estensione della casa. Il sistema a libro permette infatti alle ante di ripiegarsi su s\u00e9 stesse occupando pochissimo spazio, creando un\u2019apertura ampia e completa che valorizza l\u2019architettura e migliora la fruibilit\u00e0 quotidiana degli spazi.  &nbsp;  Progettato per unire design minimale e funzionalit\u00e0, il sistema si caratterizza per sezioni in vista ridotte e profili complanari, in grado di garantire un\u2019estetica pulita ed elegante. Le grandi superfici vetrate aumentano la luminosit\u00e0 naturale e assicurano una continuit\u00e0 visiva tra interno ed esterno, rendendo gli ambienti pi\u00f9 moderni, accoglienti e armoniosi. Dal punto di vista del comfort, il G60 offre soluzioni evolute per l\u2019accessibilit\u00e0: sono disponibili diverse tipologie di soglia, inclusa una soglia piatta carrabile, per adattarsi facilmente alle diverse esigenze di installazione e per favorire un passaggio pratico e sicuro. L\u2019integrazione di componenti dedicati, come il chiusino magnetico, contribuisce inoltre a garantire affidabilit\u00e0 e semplicit\u00e0 d\u2019uso nel tempo.  &nbsp;  Il sistema \u00e8 pensato anche per offrire prestazioni elevate di sicurezza e tenuta, con protezione antieffrazione fino a RC2 e ottimi valori di resistenza agli agenti atmosferici. In fase di lavorazione e installazione, soluzioni tecniche ottimizzate consentono di semplificare l\u2019assemblaggio e la gestione in cantiere, rendendo il G60 una soluzione elegante e allo stesso tempo efficiente dal punto di vista produttivo.  &nbsp;  Il G60 \u00e8 proposto in due configurazioni, pensate per rispondere a differenti livelli di prestazione:  &nbsp;   AS FD 75: variante versatile e funzionale, ideale per applicazioni standard con ottimo equilibrio tra estetica e prestazioni.  AS FD 90.HI: variante ad alte prestazioni con isolamento termico superiore, pensata per progetti pi\u00f9 esigenti in termini di efficienza e comfort.  &nbsp;    &nbsp; Richiedi informazioni sul prodotto &nbsp;\" \/>\n<meta property=\"og:url\" content=\"https:\/\/www.btglass.it\/en\/prodotto\/g60-versione-a-libro-ass70fd\/\" \/>\n<meta property=\"og:site_name\" content=\"BT GLASS\" \/>\n<meta name=\"twitter:card\" content=\"summary_large_image\" \/>\n<script type=\"application\/ld+json\" class=\"yoast-schema-graph\">{\"@context\":\"https:\/\/schema.org\",\"@graph\":[{\"@type\":\"WebPage\",\"@id\":\"https:\/\/www.btglass.it\/en\/prodotto\/g60-versione-a-libro-ass70fd\/\",\"url\":\"https:\/\/www.btglass.it\/en\/prodotto\/g60-versione-a-libro-ass70fd\/\",\"name\":\"G60 SCORREVOLE A LIBRO - BT GLASS\",\"isPartOf\":{\"@id\":\"https:\/\/www.btglass.it\/en\/#website\"},\"primaryImageOfPage\":{\"@id\":\"https:\/\/www.btglass.it\/en\/prodotto\/g60-versione-a-libro-ass70fd\/#primaryimage\"},\"image\":{\"@id\":\"https:\/\/www.btglass.it\/en\/prodotto\/g60-versione-a-libro-ass70fd\/#primaryimage\"},\"thumbnailUrl\":\"https:\/\/www.btglass.it\/wp-content\/uploads\/2019\/10\/AS_FD_75_90_HI_Restaurant_01.png\",\"datePublished\":\"2019-10-28T18:45:39+00:00\",\"breadcrumb\":{\"@id\":\"https:\/\/www.btglass.it\/en\/prodotto\/g60-versione-a-libro-ass70fd\/#breadcrumb\"},\"inLanguage\":\"en-US\",\"potentialAction\":[{\"@type\":\"ReadAction\",\"target\":[\"https:\/\/www.btglass.it\/en\/prodotto\/g60-versione-a-libro-ass70fd\/\"]}]},{\"@type\":\"ImageObject\",\"inLanguage\":\"en-US\",\"@id\":\"https:\/\/www.btglass.it\/en\/prodotto\/g60-versione-a-libro-ass70fd\/#primaryimage\",\"url\":\"https:\/\/www.btglass.it\/wp-content\/uploads\/2019\/10\/AS_FD_75_90_HI_Restaurant_01.png\",\"contentUrl\":\"https:\/\/www.btglass.it\/wp-content\/uploads\/2019\/10\/AS_FD_75_90_HI_Restaurant_01.png\",\"width\":1032,\"height\":722},{\"@type\":\"BreadcrumbList\",\"@id\":\"https:\/\/www.btglass.it\/en\/prodotto\/g60-versione-a-libro-ass70fd\/#breadcrumb\",\"itemListElement\":[{\"@type\":\"ListItem\",\"position\":1,\"name\":\"Home\",\"item\":\"https:\/\/www.btglass.it\/en\/\"},{\"@type\":\"ListItem\",\"position\":2,\"name\":\"Shop\",\"item\":\"https:\/\/www.btglass.it\/en\/?page_id=2578\"},{\"@type\":\"ListItem\",\"position\":3,\"name\":\"G60 SCORREVOLE A LIBRO\"}]},{\"@type\":\"WebSite\",\"@id\":\"https:\/\/www.btglass.it\/en\/#website\",\"url\":\"https:\/\/www.btglass.it\/en\/\",\"name\":\"BT GLASS\",\"description\":\"\u201d Il cielo in una stanza \u201c \u00e8 l\u2019abitare senza confini\",\"potentialAction\":[{\"@type\":\"SearchAction\",\"target\":{\"@type\":\"EntryPoint\",\"urlTemplate\":\"https:\/\/www.btglass.it\/en\/?s={search_term_string}\"},\"query-input\":{\"@type\":\"PropertyValueSpecification\",\"valueRequired\":true,\"valueName\":\"search_term_string\"}}],\"inLanguage\":\"en-US\"}]}<\/script>\n<!-- \/ Yoast SEO plugin. -->","yoast_head_json":{"title":"G60 SCORREVOLE A LIBRO - BT GLASS","robots":{"index":"index","follow":"follow","max-snippet":"max-snippet:-1","max-image-preview":"max-image-preview:large","max-video-preview":"max-video-preview:-1"},"canonical":"https:\/\/www.btglass.it\/en\/prodotto\/g60-versione-a-libro-ass70fd\/","og_locale":"en_US","og_type":"article","og_title":"G60 SCORREVOLE A LIBRO - BT GLASS","og_description":"Home \/ I nostri prodotti \/ Serramenti in Alluminio \/ Scorrevoli \/\u00a0G60 SCORREVOLE A LIBRO &nbsp;  Il G60 \u2013 Scorrevole a libro \u00e8 la soluzione ideale per chi desidera vivere gli ambienti in modo pi\u00f9 aperto e naturale, trasformando terrazzi, giardini e porticati in una vera estensione della casa. Il sistema a libro permette infatti alle ante di ripiegarsi su s\u00e9 stesse occupando pochissimo spazio, creando un\u2019apertura ampia e completa che valorizza l\u2019architettura e migliora la fruibilit\u00e0 quotidiana degli spazi.  &nbsp;  Progettato per unire design minimale e funzionalit\u00e0, il sistema si caratterizza per sezioni in vista ridotte e profili complanari, in grado di garantire un\u2019estetica pulita ed elegante. Le grandi superfici vetrate aumentano la luminosit\u00e0 naturale e assicurano una continuit\u00e0 visiva tra interno ed esterno, rendendo gli ambienti pi\u00f9 moderni, accoglienti e armoniosi. Dal punto di vista del comfort, il G60 offre soluzioni evolute per l\u2019accessibilit\u00e0: sono disponibili diverse tipologie di soglia, inclusa una soglia piatta carrabile, per adattarsi facilmente alle diverse esigenze di installazione e per favorire un passaggio pratico e sicuro. L\u2019integrazione di componenti dedicati, come il chiusino magnetico, contribuisce inoltre a garantire affidabilit\u00e0 e semplicit\u00e0 d\u2019uso nel tempo.  &nbsp;  Il sistema \u00e8 pensato anche per offrire prestazioni elevate di sicurezza e tenuta, con protezione antieffrazione fino a RC2 e ottimi valori di resistenza agli agenti atmosferici. In fase di lavorazione e installazione, soluzioni tecniche ottimizzate consentono di semplificare l\u2019assemblaggio e la gestione in cantiere, rendendo il G60 una soluzione elegante e allo stesso tempo efficiente dal punto di vista produttivo.  &nbsp;  Il G60 \u00e8 proposto in due configurazioni, pensate per rispondere a differenti livelli di prestazione:  &nbsp;   AS FD 75: variante versatile e funzionale, ideale per applicazioni standard con ottimo equilibrio tra estetica e prestazioni.  AS FD 90.HI: variante ad alte prestazioni con isolamento termico superiore, pensata per progetti pi\u00f9 esigenti in termini di efficienza e comfort.  &nbsp;    &nbsp; Richiedi informazioni sul prodotto &nbsp;","og_url":"https:\/\/www.btglass.it\/en\/prodotto\/g60-versione-a-libro-ass70fd\/","og_site_name":"BT GLASS","twitter_card":"summary_large_image","schema":{"@context":"https:\/\/schema.org","@graph":[{"@type":"WebPage","@id":"https:\/\/www.btglass.it\/en\/prodotto\/g60-versione-a-libro-ass70fd\/","url":"https:\/\/www.btglass.it\/en\/prodotto\/g60-versione-a-libro-ass70fd\/","name":"G60 SCORREVOLE A LIBRO - BT GLASS","isPartOf":{"@id":"https:\/\/www.btglass.it\/en\/#website"},"primaryImageOfPage":{"@id":"https:\/\/www.btglass.it\/en\/prodotto\/g60-versione-a-libro-ass70fd\/#primaryimage"},"image":{"@id":"https:\/\/www.btglass.it\/en\/prodotto\/g60-versione-a-libro-ass70fd\/#primaryimage"},"thumbnailUrl":"https:\/\/www.btglass.it\/wp-content\/uploads\/2019\/10\/AS_FD_75_90_HI_Restaurant_01.png","datePublished":"2019-10-28T18:45:39+00:00","breadcrumb":{"@id":"https:\/\/www.btglass.it\/en\/prodotto\/g60-versione-a-libro-ass70fd\/#breadcrumb"},"inLanguage":"en-US","potentialAction":[{"@type":"ReadAction","target":["https:\/\/www.btglass.it\/en\/prodotto\/g60-versione-a-libro-ass70fd\/"]}]},{"@type":"ImageObject","inLanguage":"en-US","@id":"https:\/\/www.btglass.it\/en\/prodotto\/g60-versione-a-libro-ass70fd\/#primaryimage","url":"https:\/\/www.btglass.it\/wp-content\/uploads\/2019\/10\/AS_FD_75_90_HI_Restaurant_01.png","contentUrl":"https:\/\/www.btglass.it\/wp-content\/uploads\/2019\/10\/AS_FD_75_90_HI_Restaurant_01.png","width":1032,"height":722},{"@type":"BreadcrumbList","@id":"https:\/\/www.btglass.it\/en\/prodotto\/g60-versione-a-libro-ass70fd\/#breadcrumb","itemListElement":[{"@type":"ListItem","position":1,"name":"Home","item":"https:\/\/www.btglass.it\/en\/"},{"@type":"ListItem","position":2,"name":"Shop","item":"https:\/\/www.btglass.it\/en\/?page_id=2578"},{"@type":"ListItem","position":3,"name":"G60 SCORREVOLE A LIBRO"}]},{"@type":"WebSite","@id":"https:\/\/www.btglass.it\/en\/#website","url":"https:\/\/www.btglass.it\/en\/","name":"BT GLASS","description":"\u201d Il cielo in una stanza \u201c \u00e8 l\u2019abitare senza confini","potentialAction":[{"@type":"SearchAction","target":{"@type":"EntryPoint","urlTemplate":"https:\/\/www.btglass.it\/en\/?s={search_term_string}"},"query-input":{"@type":"PropertyValueSpecification","valueRequired":true,"valueName":"search_term_string"}}],"inLanguage":"en-US"}]}},"_links":{"self":[{"href":"https:\/\/www.btglass.it\/en\/wp-json\/wp\/v2\/product\/2957","targetHints":{"allow":["GET"]}}],"collection":[{"href":"https:\/\/www.btglass.it\/en\/wp-json\/wp\/v2\/product"}],"about":[{"href":"https:\/\/www.btglass.it\/en\/wp-json\/wp\/v2\/types\/product"}],"wp:featuredmedia":[{"embeddable":true,"href":"https:\/\/www.btglass.it\/en\/wp-json\/wp\/v2\/media\/2959"}],"wp:attachment":[{"href":"https:\/\/www.btglass.it\/en\/wp-json\/wp\/v2\/media?parent=2957"}],"wp:term":[{"taxonomy":"product_brand","embeddable":true,"href":"https:\/\/www.btglass.it\/en\/wp-json\/wp\/v2\/product_brand?post=2957"},{"taxonomy":"product_cat","embeddable":true,"href":"https:\/\/www.btglass.it\/en\/wp-json\/wp\/v2\/product_cat?post=2957"},{"taxonomy":"product_tag","embeddable":true,"href":"https:\/\/www.btglass.it\/en\/wp-json\/wp\/v2\/product_tag?post=2957"}],"curies":[{"name":"wp","href":"https:\/\/api.w.org\/{rel}","templated":true}]}}