{"id":2960,"date":"2026-04-22T02:05:42","date_gmt":"2026-04-22T00:05:42","guid":{"rendered":"https:\/\/www.btglass.it\/prodotto\/finestre-a-battente-con-anta-a-scomparsa\/"},"modified":"2026-04-22T02:05:42","modified_gmt":"2026-04-22T00:05:42","slug":"finestre-a-battente-con-anta-a-scomparsa","status":"publish","type":"product","link":"https:\/\/www.btglass.it\/en\/prodotto\/finestre-a-battente-con-anta-a-scomparsa\/","title":{"rendered":"Finestre a battente con anta a scomparsa"},"content":{"rendered":"","protected":false},"excerpt":{"rendered":"<h4><a href=\"https:\/\/www.btglass.it\/en\/\">Home<\/a> \/ <a href=\"https:\/\/www.btglass.it\/en\/i-nostri-prodotti-bt-glass-serramenti-infissi\/\">I nostri prodotti<\/a> \/ <a href=\"https:\/\/www.btglass.it\/en\/i-nostri-prodotti-bt-glass-serramenti-infissi\/serramenti-in-alluminio-btglass-monza\/\">Serramenti in Alluminio<\/a> \/ <a href=\"https:\/\/www.btglass.it\/i-nostri-prodotti-bt-glass-serramenti-infissi\/serramenti-in-alluminio-btglass-monza\/finestre-battenti-bernareggio\/\">Finestre Battenti<\/a> \/ <span style=\"color: #4e71c3;\">Finestre a battente con anta a scomparsa<\/span><\/h4>\n<p>&nbsp;<\/p>\n<p>Le finestre a battente con anta a scomparsa della <strong>serie Sch\u00fcco AWS BS.HI+<\/strong> rappresentano una soluzione in alluminio pensata per chi desidera un\u2019estetica moderna, minimale e pulita, senza rinunciare alle prestazioni. Il design \u201cblock\u201d con anta a scomparsa riduce al minimo gli elementi visibili dall\u2019esterno, aumentando la superficie vetrata e valorizzando la trasparenza: pi\u00f9 luce naturale negli ambienti e un impatto architettonico elegante e contemporaneo.<\/p>\n<p>&nbsp;<\/p>\n<p>Questi sistemi si distinguono per la loro versatilit\u00e0 progettuale, adattandosi facilmente sia alle nuove costruzioni che agli interventi di ristrutturazione. A seconda delle esigenze, possono essere utilizzati come finestra singola, finestra a nastro o elemento inserito in facciata, offrendo un\u2019ampia gamma di configurazioni e tipologie di apertura.<br \/>\nOltre al design, l\u2019obiettivo \u00e8 garantire un elevato livello di comfort abitativo in ogni stagione. L\u2019isolamento termico e acustico, la possibilit\u00e0 di impiego di vetrocamera tripla e l\u2019integrazione di apparecchiature a scomparsa rendono la finestra adatta anche a progetti pi\u00f9 evoluti dal punto di vista prestazionale. In pi\u00f9, la compatibilit\u00e0 con le soluzioni di automazione TipTronic amplia le possibilit\u00e0 applicative in contesti residenziali e commerciali, migliorando gestione e funzionalit\u00e0.<\/p>\n<p>&nbsp;<\/p>\n<p>All\u2019interno della categoria, sono disponibili due varianti principali \u2014 AWS 65 BS.HI+ e AWS 75 BS.HI+ \u2014 che condividono la stessa filosofia estetica e progettuale, ma si differenziano per livelli di isolamento, capacit\u00e0 di vetrazione e prestazioni complessive, cos\u00ec da offrire la soluzione pi\u00f9 adatta alle esigenze specifiche del progetto.<\/p>\n<p>&nbsp;<\/p>\n[wrt_print_rt_wp_responsive_tabs tabset_id=\"46\"]\n<p>&nbsp;<\/p>\n<h4>Richiedi informazioni sul prodotto<\/h4>\n<p>&nbsp;<\/p>\n[fc id='2' align='left'][\/fc]\n","protected":false},"featured_media":2961,"template":"","meta":{"inline_featured_image":false},"product_brand":[],"product_cat":[106,104],"product_tag":[],"class_list":{"0":"post-2960","1":"product","2":"type-product","3":"status-publish","4":"has-post-thumbnail","6":"product_cat-finestre-battenti","7":"product_cat-serramenti-in-alluminio","9":"first","10":"instock","11":"shipping-taxable","12":"product-type-simple"},"yoast_head":"<!-- This site is optimized with the Yoast SEO plugin v26.8 - https:\/\/yoast.com\/product\/yoast-seo-wordpress\/ -->\n<title>Finestre a battente con anta a scomparsa - BT GLASS<\/title>\n<meta name=\"robots\" content=\"index, follow, max-snippet:-1, max-image-preview:large, max-video-preview:-1\" \/>\n<link rel=\"canonical\" href=\"https:\/\/www.btglass.it\/en\/prodotto\/finestre-a-battente-con-anta-a-scomparsa\/\" \/>\n<meta property=\"og:locale\" content=\"en_US\" \/>\n<meta property=\"og:type\" content=\"article\" \/>\n<meta property=\"og:title\" content=\"Finestre a battente con anta a scomparsa - BT GLASS\" \/>\n<meta property=\"og:description\" content=\"Home \/ I nostri prodotti \/ Serramenti in Alluminio \/ Finestre Battenti \/ Finestre a battente con anta a scomparsa &nbsp;  Le finestre a battente con anta a scomparsa della serie Sch\u00fcco AWS BS.HI+ rappresentano una soluzione in alluminio pensata per chi desidera un\u2019estetica moderna, minimale e pulita, senza rinunciare alle prestazioni. Il design \u201cblock\u201d con anta a scomparsa riduce al minimo gli elementi visibili dall\u2019esterno, aumentando la superficie vetrata e valorizzando la trasparenza: pi\u00f9 luce naturale negli ambienti e un impatto architettonico elegante e contemporaneo.  &nbsp;  Questi sistemi si distinguono per la loro versatilit\u00e0 progettuale, adattandosi facilmente sia alle nuove costruzioni che agli interventi di ristrutturazione. A seconda delle esigenze, possono essere utilizzati come finestra singola, finestra a nastro o elemento inserito in facciata, offrendo un\u2019ampia gamma di configurazioni e tipologie di apertura. Oltre al design, l\u2019obiettivo \u00e8 garantire un elevato livello di comfort abitativo in ogni stagione. L\u2019isolamento termico e acustico, la possibilit\u00e0 di impiego di vetrocamera tripla e l\u2019integrazione di apparecchiature a scomparsa rendono la finestra adatta anche a progetti pi\u00f9 evoluti dal punto di vista prestazionale. In pi\u00f9, la compatibilit\u00e0 con le soluzioni di automazione TipTronic amplia le possibilit\u00e0 applicative in contesti residenziali e commerciali, migliorando gestione e funzionalit\u00e0.  &nbsp;  All\u2019interno della categoria, sono disponibili due varianti principali \u2014 AWS 65 BS.HI+ e AWS 75 BS.HI+ \u2014 che condividono la stessa filosofia estetica e progettuale, ma si differenziano per livelli di isolamento, capacit\u00e0 di vetrazione e prestazioni complessive, cos\u00ec da offrire la soluzione pi\u00f9 adatta alle esigenze specifiche del progetto.  &nbsp;    &nbsp; Richiedi informazioni sul prodotto &nbsp;\" \/>\n<meta property=\"og:url\" content=\"https:\/\/www.btglass.it\/en\/prodotto\/finestre-a-battente-con-anta-a-scomparsa\/\" \/>\n<meta property=\"og:site_name\" content=\"BT GLASS\" \/>\n<meta name=\"twitter:card\" content=\"summary_large_image\" \/>\n<script type=\"application\/ld+json\" class=\"yoast-schema-graph\">{\"@context\":\"https:\/\/schema.org\",\"@graph\":[{\"@type\":\"WebPage\",\"@id\":\"https:\/\/www.btglass.it\/en\/prodotto\/finestre-a-battente-con-anta-a-scomparsa\/\",\"url\":\"https:\/\/www.btglass.it\/en\/prodotto\/finestre-a-battente-con-anta-a-scomparsa\/\",\"name\":\"Finestre a battente con anta a scomparsa - BT GLASS\",\"isPartOf\":{\"@id\":\"https:\/\/www.btglass.it\/en\/#website\"},\"primaryImageOfPage\":{\"@id\":\"https:\/\/www.btglass.it\/en\/prodotto\/finestre-a-battente-con-anta-a-scomparsa\/#primaryimage\"},\"image\":{\"@id\":\"https:\/\/www.btglass.it\/en\/prodotto\/finestre-a-battente-con-anta-a-scomparsa\/#primaryimage\"},\"thumbnailUrl\":\"https:\/\/www.btglass.it\/wp-content\/uploads\/2026\/04\/Finestre-a-battente-con-anta-a-scomparsa.png\",\"datePublished\":\"2026-04-22T00:05:42+00:00\",\"breadcrumb\":{\"@id\":\"https:\/\/www.btglass.it\/en\/prodotto\/finestre-a-battente-con-anta-a-scomparsa\/#breadcrumb\"},\"inLanguage\":\"en-US\",\"potentialAction\":[{\"@type\":\"ReadAction\",\"target\":[\"https:\/\/www.btglass.it\/en\/prodotto\/finestre-a-battente-con-anta-a-scomparsa\/\"]}]},{\"@type\":\"ImageObject\",\"inLanguage\":\"en-US\",\"@id\":\"https:\/\/www.btglass.it\/en\/prodotto\/finestre-a-battente-con-anta-a-scomparsa\/#primaryimage\",\"url\":\"https:\/\/www.btglass.it\/wp-content\/uploads\/2026\/04\/Finestre-a-battente-con-anta-a-scomparsa.png\",\"contentUrl\":\"https:\/\/www.btglass.it\/wp-content\/uploads\/2026\/04\/Finestre-a-battente-con-anta-a-scomparsa.png\",\"width\":1229,\"height\":762},{\"@type\":\"BreadcrumbList\",\"@id\":\"https:\/\/www.btglass.it\/en\/prodotto\/finestre-a-battente-con-anta-a-scomparsa\/#breadcrumb\",\"itemListElement\":[{\"@type\":\"ListItem\",\"position\":1,\"name\":\"Home\",\"item\":\"https:\/\/www.btglass.it\/en\/\"},{\"@type\":\"ListItem\",\"position\":2,\"name\":\"Shop\",\"item\":\"https:\/\/www.btglass.it\/en\/?page_id=2578\"},{\"@type\":\"ListItem\",\"position\":3,\"name\":\"Finestre a battente con anta a scomparsa\"}]},{\"@type\":\"WebSite\",\"@id\":\"https:\/\/www.btglass.it\/en\/#website\",\"url\":\"https:\/\/www.btglass.it\/en\/\",\"name\":\"BT GLASS\",\"description\":\"\u201d Il cielo in una stanza \u201c \u00e8 l\u2019abitare senza confini\",\"potentialAction\":[{\"@type\":\"SearchAction\",\"target\":{\"@type\":\"EntryPoint\",\"urlTemplate\":\"https:\/\/www.btglass.it\/en\/?s={search_term_string}\"},\"query-input\":{\"@type\":\"PropertyValueSpecification\",\"valueRequired\":true,\"valueName\":\"search_term_string\"}}],\"inLanguage\":\"en-US\"}]}<\/script>\n<!-- \/ Yoast SEO plugin. -->","yoast_head_json":{"title":"Finestre a battente con anta a scomparsa - BT GLASS","robots":{"index":"index","follow":"follow","max-snippet":"max-snippet:-1","max-image-preview":"max-image-preview:large","max-video-preview":"max-video-preview:-1"},"canonical":"https:\/\/www.btglass.it\/en\/prodotto\/finestre-a-battente-con-anta-a-scomparsa\/","og_locale":"en_US","og_type":"article","og_title":"Finestre a battente con anta a scomparsa - BT GLASS","og_description":"Home \/ I nostri prodotti \/ Serramenti in Alluminio \/ Finestre Battenti \/ Finestre a battente con anta a scomparsa &nbsp;  Le finestre a battente con anta a scomparsa della serie Sch\u00fcco AWS BS.HI+ rappresentano una soluzione in alluminio pensata per chi desidera un\u2019estetica moderna, minimale e pulita, senza rinunciare alle prestazioni. Il design \u201cblock\u201d con anta a scomparsa riduce al minimo gli elementi visibili dall\u2019esterno, aumentando la superficie vetrata e valorizzando la trasparenza: pi\u00f9 luce naturale negli ambienti e un impatto architettonico elegante e contemporaneo.  &nbsp;  Questi sistemi si distinguono per la loro versatilit\u00e0 progettuale, adattandosi facilmente sia alle nuove costruzioni che agli interventi di ristrutturazione. A seconda delle esigenze, possono essere utilizzati come finestra singola, finestra a nastro o elemento inserito in facciata, offrendo un\u2019ampia gamma di configurazioni e tipologie di apertura. Oltre al design, l\u2019obiettivo \u00e8 garantire un elevato livello di comfort abitativo in ogni stagione. L\u2019isolamento termico e acustico, la possibilit\u00e0 di impiego di vetrocamera tripla e l\u2019integrazione di apparecchiature a scomparsa rendono la finestra adatta anche a progetti pi\u00f9 evoluti dal punto di vista prestazionale. In pi\u00f9, la compatibilit\u00e0 con le soluzioni di automazione TipTronic amplia le possibilit\u00e0 applicative in contesti residenziali e commerciali, migliorando gestione e funzionalit\u00e0.  &nbsp;  All\u2019interno della categoria, sono disponibili due varianti principali \u2014 AWS 65 BS.HI+ e AWS 75 BS.HI+ \u2014 che condividono la stessa filosofia estetica e progettuale, ma si differenziano per livelli di isolamento, capacit\u00e0 di vetrazione e prestazioni complessive, cos\u00ec da offrire la soluzione pi\u00f9 adatta alle esigenze specifiche del progetto.  &nbsp;    &nbsp; Richiedi informazioni sul prodotto &nbsp;","og_url":"https:\/\/www.btglass.it\/en\/prodotto\/finestre-a-battente-con-anta-a-scomparsa\/","og_site_name":"BT GLASS","twitter_card":"summary_large_image","schema":{"@context":"https:\/\/schema.org","@graph":[{"@type":"WebPage","@id":"https:\/\/www.btglass.it\/en\/prodotto\/finestre-a-battente-con-anta-a-scomparsa\/","url":"https:\/\/www.btglass.it\/en\/prodotto\/finestre-a-battente-con-anta-a-scomparsa\/","name":"Finestre a battente con anta a scomparsa - BT GLASS","isPartOf":{"@id":"https:\/\/www.btglass.it\/en\/#website"},"primaryImageOfPage":{"@id":"https:\/\/www.btglass.it\/en\/prodotto\/finestre-a-battente-con-anta-a-scomparsa\/#primaryimage"},"image":{"@id":"https:\/\/www.btglass.it\/en\/prodotto\/finestre-a-battente-con-anta-a-scomparsa\/#primaryimage"},"thumbnailUrl":"https:\/\/www.btglass.it\/wp-content\/uploads\/2026\/04\/Finestre-a-battente-con-anta-a-scomparsa.png","datePublished":"2026-04-22T00:05:42+00:00","breadcrumb":{"@id":"https:\/\/www.btglass.it\/en\/prodotto\/finestre-a-battente-con-anta-a-scomparsa\/#breadcrumb"},"inLanguage":"en-US","potentialAction":[{"@type":"ReadAction","target":["https:\/\/www.btglass.it\/en\/prodotto\/finestre-a-battente-con-anta-a-scomparsa\/"]}]},{"@type":"ImageObject","inLanguage":"en-US","@id":"https:\/\/www.btglass.it\/en\/prodotto\/finestre-a-battente-con-anta-a-scomparsa\/#primaryimage","url":"https:\/\/www.btglass.it\/wp-content\/uploads\/2026\/04\/Finestre-a-battente-con-anta-a-scomparsa.png","contentUrl":"https:\/\/www.btglass.it\/wp-content\/uploads\/2026\/04\/Finestre-a-battente-con-anta-a-scomparsa.png","width":1229,"height":762},{"@type":"BreadcrumbList","@id":"https:\/\/www.btglass.it\/en\/prodotto\/finestre-a-battente-con-anta-a-scomparsa\/#breadcrumb","itemListElement":[{"@type":"ListItem","position":1,"name":"Home","item":"https:\/\/www.btglass.it\/en\/"},{"@type":"ListItem","position":2,"name":"Shop","item":"https:\/\/www.btglass.it\/en\/?page_id=2578"},{"@type":"ListItem","position":3,"name":"Finestre a battente con anta a scomparsa"}]},{"@type":"WebSite","@id":"https:\/\/www.btglass.it\/en\/#website","url":"https:\/\/www.btglass.it\/en\/","name":"BT GLASS","description":"\u201d Il cielo in una stanza \u201c \u00e8 l\u2019abitare senza confini","potentialAction":[{"@type":"SearchAction","target":{"@type":"EntryPoint","urlTemplate":"https:\/\/www.btglass.it\/en\/?s={search_term_string}"},"query-input":{"@type":"PropertyValueSpecification","valueRequired":true,"valueName":"search_term_string"}}],"inLanguage":"en-US"}]}},"_links":{"self":[{"href":"https:\/\/www.btglass.it\/en\/wp-json\/wp\/v2\/product\/2960","targetHints":{"allow":["GET"]}}],"collection":[{"href":"https:\/\/www.btglass.it\/en\/wp-json\/wp\/v2\/product"}],"about":[{"href":"https:\/\/www.btglass.it\/en\/wp-json\/wp\/v2\/types\/product"}],"wp:featuredmedia":[{"embeddable":true,"href":"https:\/\/www.btglass.it\/en\/wp-json\/wp\/v2\/media\/2961"}],"wp:attachment":[{"href":"https:\/\/www.btglass.it\/en\/wp-json\/wp\/v2\/media?parent=2960"}],"wp:term":[{"taxonomy":"product_brand","embeddable":true,"href":"https:\/\/www.btglass.it\/en\/wp-json\/wp\/v2\/product_brand?post=2960"},{"taxonomy":"product_cat","embeddable":true,"href":"https:\/\/www.btglass.it\/en\/wp-json\/wp\/v2\/product_cat?post=2960"},{"taxonomy":"product_tag","embeddable":true,"href":"https:\/\/www.btglass.it\/en\/wp-json\/wp\/v2\/product_tag?post=2960"}],"curies":[{"name":"wp","href":"https:\/\/api.w.org\/{rel}","templated":true}]}}